{"id":4834,"date":"2019-01-16T13:01:52","date_gmt":"2019-01-16T13:01:52","guid":{"rendered":"https:\/\/woocommercecore.mystagingwebsite.com\/product\/beanie\/"},"modified":"2020-05-06T06:24:07","modified_gmt":"2020-05-06T06:24:07","slug":"thermometer","status":"publish","type":"product","link":"https:\/\/dentapalmiye.com\/tr\/urun\/thermometer\/","title":{"rendered":"Termometre"},"content":{"rendered":"<p>Pellentesque sakini morbi tristique senectus et netus et malesuada, turpis egestas ile \u00fcnl\u00fcd\u00fcr. Vestibulum tortor quam, feugiat vitae, ultricies eget, ge\u00e7ici olarak oturmak, \u00f6nceden. Donec eu libero sit amet quam egestas semper. Aenean Ultricies mi vitae est. Mauris, eleifend leo&#039;nun yerini ald\u0131.<\/p>","protected":false},"excerpt":{"rendered":"<p>Bu basit bir \u00fcr\u00fcnd\u00fcr.<\/p>","protected":false},"featured_media":4854,"comment_status":"open","ping_status":"closed","template":"","meta":[],"product_cat":[54],"product_tag":[],"yoast_head":"<!-- This site is optimized with the Yoast SEO plugin v22.6 - https:\/\/yoast.com\/wordpress\/plugins\/seo\/ -->\n<title>Thermometer - Dentapalmiye<\/title>\n<meta name=\"robots\" content=\"index, follow, max-snippet:-1, max-image-preview:large, max-video-preview:-1\" \/>\n<link rel=\"canonical\" href=\"https:\/\/dentapalmiye.com\/tr\/urun\/thermometer\/\" \/>\n<meta property=\"og:locale\" content=\"tr_TR\" \/>\n<meta property=\"og:type\" content=\"article\" \/>\n<meta property=\"og:title\" content=\"Thermometer - Dentapalmiye\" \/>\n<meta property=\"og:description\" content=\"This is a simple product.\" \/>\n<meta property=\"og:url\" content=\"https:\/\/dentapalmiye.com\/tr\/urun\/thermometer\/\" \/>\n<meta property=\"og:site_name\" content=\"Dentapalmiye\" \/>\n<meta property=\"article:modified_time\" content=\"2020-05-06T06:24:07+00:00\" \/>\n<meta property=\"og:image\" content=\"https:\/\/dentapalmiye.com\/wp-content\/uploads\/2019\/01\/medical_shop_2.jpg\" \/>\n\t<meta property=\"og:image:width\" content=\"800\" \/>\n\t<meta property=\"og:image:height\" content=\"800\" \/>\n\t<meta property=\"og:image:type\" content=\"image\/jpeg\" \/>\n<meta name=\"twitter:card\" content=\"summary_large_image\" \/>\n<script type=\"application\/ld+json\" class=\"yoast-schema-graph\">{\"@context\":\"https:\/\/schema.org\",\"@graph\":[{\"@type\":\"WebPage\",\"@id\":\"https:\/\/dentapalmiye.com\/product\/thermometer\/\",\"url\":\"https:\/\/dentapalmiye.com\/product\/thermometer\/\",\"name\":\"Thermometer - Dentapalmiye\",\"isPartOf\":{\"@id\":\"https:\/\/dentapalmiye.com\/#website\"},\"primaryImageOfPage\":{\"@id\":\"https:\/\/dentapalmiye.com\/product\/thermometer\/#primaryimage\"},\"image\":{\"@id\":\"https:\/\/dentapalmiye.com\/product\/thermometer\/#primaryimage\"},\"thumbnailUrl\":\"https:\/\/dentapalmiye.com\/wp-content\/uploads\/2019\/01\/medical_shop_2.jpg\",\"datePublished\":\"2019-01-16T13:01:52+00:00\",\"dateModified\":\"2020-05-06T06:24:07+00:00\",\"breadcrumb\":{\"@id\":\"https:\/\/dentapalmiye.com\/product\/thermometer\/#breadcrumb\"},\"inLanguage\":\"tr\",\"potentialAction\":[{\"@type\":\"ReadAction\",\"target\":[\"https:\/\/dentapalmiye.com\/product\/thermometer\/\"]}]},{\"@type\":\"ImageObject\",\"inLanguage\":\"tr\",\"@id\":\"https:\/\/dentapalmiye.com\/product\/thermometer\/#primaryimage\",\"url\":\"https:\/\/dentapalmiye.com\/wp-content\/uploads\/2019\/01\/medical_shop_2.jpg\",\"contentUrl\":\"https:\/\/dentapalmiye.com\/wp-content\/uploads\/2019\/01\/medical_shop_2.jpg\",\"width\":800,\"height\":800},{\"@type\":\"BreadcrumbList\",\"@id\":\"https:\/\/dentapalmiye.com\/product\/thermometer\/#breadcrumb\",\"itemListElement\":[{\"@type\":\"ListItem\",\"position\":1,\"name\":\"Home\",\"item\":\"https:\/\/dentapalmiye.com\/\"},{\"@type\":\"ListItem\",\"position\":2,\"name\":\"Shop\",\"item\":\"https:\/\/dentapalmiye.com\/shop\/\"},{\"@type\":\"ListItem\",\"position\":3,\"name\":\"Thermometer\"}]},{\"@type\":\"WebSite\",\"@id\":\"https:\/\/dentapalmiye.com\/#website\",\"url\":\"https:\/\/dentapalmiye.com\/\",\"name\":\"Dentapalmiye\",\"description\":\"Alanya Dentist\",\"potentialAction\":[{\"@type\":\"SearchAction\",\"target\":{\"@type\":\"EntryPoint\",\"urlTemplate\":\"https:\/\/dentapalmiye.com\/?s={search_term_string}\"},\"query-input\":\"required name=search_term_string\"}],\"inLanguage\":\"tr\"}]}<\/script>\n<!-- \/ Yoast SEO plugin. -->","yoast_head_json":{"title":"Thermometer - Dentapalmiye","robots":{"index":"index","follow":"follow","max-snippet":"max-snippet:-1","max-image-preview":"max-image-preview:large","max-video-preview":"max-video-preview:-1"},"canonical":"https:\/\/dentapalmiye.com\/tr\/urun\/thermometer\/","og_locale":"tr_TR","og_type":"article","og_title":"Thermometer - Dentapalmiye","og_description":"This is a simple product.","og_url":"https:\/\/dentapalmiye.com\/tr\/urun\/thermometer\/","og_site_name":"Dentapalmiye","article_modified_time":"2020-05-06T06:24:07+00:00","og_image":[{"width":800,"height":800,"url":"https:\/\/dentapalmiye.com\/wp-content\/uploads\/2019\/01\/medical_shop_2.jpg","type":"image\/jpeg"}],"twitter_card":"summary_large_image","schema":{"@context":"https:\/\/schema.org","@graph":[{"@type":"WebPage","@id":"https:\/\/dentapalmiye.com\/product\/thermometer\/","url":"https:\/\/dentapalmiye.com\/product\/thermometer\/","name":"Thermometer - Dentapalmiye","isPartOf":{"@id":"https:\/\/dentapalmiye.com\/#website"},"primaryImageOfPage":{"@id":"https:\/\/dentapalmiye.com\/product\/thermometer\/#primaryimage"},"image":{"@id":"https:\/\/dentapalmiye.com\/product\/thermometer\/#primaryimage"},"thumbnailUrl":"https:\/\/dentapalmiye.com\/wp-content\/uploads\/2019\/01\/medical_shop_2.jpg","datePublished":"2019-01-16T13:01:52+00:00","dateModified":"2020-05-06T06:24:07+00:00","breadcrumb":{"@id":"https:\/\/dentapalmiye.com\/product\/thermometer\/#breadcrumb"},"inLanguage":"tr","potentialAction":[{"@type":"ReadAction","target":["https:\/\/dentapalmiye.com\/product\/thermometer\/"]}]},{"@type":"ImageObject","inLanguage":"tr","@id":"https:\/\/dentapalmiye.com\/product\/thermometer\/#primaryimage","url":"https:\/\/dentapalmiye.com\/wp-content\/uploads\/2019\/01\/medical_shop_2.jpg","contentUrl":"https:\/\/dentapalmiye.com\/wp-content\/uploads\/2019\/01\/medical_shop_2.jpg","width":800,"height":800},{"@type":"BreadcrumbList","@id":"https:\/\/dentapalmiye.com\/product\/thermometer\/#breadcrumb","itemListElement":[{"@type":"ListItem","position":1,"name":"Home","item":"https:\/\/dentapalmiye.com\/"},{"@type":"ListItem","position":2,"name":"Shop","item":"https:\/\/dentapalmiye.com\/shop\/"},{"@type":"ListItem","position":3,"name":"Thermometer"}]},{"@type":"WebSite","@id":"https:\/\/dentapalmiye.com\/#website","url":"https:\/\/dentapalmiye.com\/","name":"Dentapalmiye","description":"Alanya Dentist","potentialAction":[{"@type":"SearchAction","target":{"@type":"EntryPoint","urlTemplate":"https:\/\/dentapalmiye.com\/?s={search_term_string}"},"query-input":"required name=search_term_string"}],"inLanguage":"tr"}]}},"_links":{"self":[{"href":"https:\/\/dentapalmiye.com\/tr\/wp-json\/wp\/v2\/product\/4834"}],"collection":[{"href":"https:\/\/dentapalmiye.com\/tr\/wp-json\/wp\/v2\/product"}],"about":[{"href":"https:\/\/dentapalmiye.com\/tr\/wp-json\/wp\/v2\/types\/product"}],"replies":[{"embeddable":true,"href":"https:\/\/dentapalmiye.com\/tr\/wp-json\/wp\/v2\/comments?post=4834"}],"wp:featuredmedia":[{"embeddable":true,"href":"https:\/\/dentapalmiye.com\/tr\/wp-json\/wp\/v2\/media\/4854"}],"wp:attachment":[{"href":"https:\/\/dentapalmiye.com\/tr\/wp-json\/wp\/v2\/media?parent=4834"}],"wp:term":[{"taxonomy":"product_cat","embeddable":true,"href":"https:\/\/dentapalmiye.com\/tr\/wp-json\/wp\/v2\/product_cat?post=4834"},{"taxonomy":"product_tag","embeddable":true,"href":"https:\/\/dentapalmiye.com\/tr\/wp-json\/wp\/v2\/product_tag?post=4834"}],"curies":[{"name":"wp","href":"https:\/\/api.w.org\/{rel}","templated":true}]}}