{"id":2306,"date":"2019-09-13T10:08:26","date_gmt":"2019-09-13T10:08:26","guid":{"rendered":"https:\/\/dentapalmiye.com\/?page_id=2306"},"modified":"2025-02-24T21:22:03","modified_gmt":"2025-02-24T18:22:03","slug":"doctors","status":"publish","type":"page","link":"https:\/\/dentapalmiye.com\/tr\/doctors\/","title":{"rendered":"Doktorlar"},"content":{"rendered":"<div data-elementor-type=\"wp-page\" data-elementor-id=\"2306\" class=\"elementor elementor-2306\" data-elementor-post-type=\"page\">\n\t\t\t\t\t\t\t\t\t<section class=\"elementor-section elementor-top-section elementor-element elementor-element-4663594 elementor-section-boxed elementor-section-height-default elementor-section-height-default\" data-id=\"4663594\" data-element_type=\"section\">\n\t\t\t\t\t\t<div class=\"elementor-container elementor-column-gap-default\">\n\t\t\t\t\t<div class=\"elementor-column elementor-col-100 elementor-top-column elementor-element elementor-element-f7964ac\" data-id=\"f7964ac\" data-element_type=\"column\">\n\t\t\t<div class=\"elementor-widget-wrap elementor-element-populated\">\n\t\t\t\t\t\t\t\t<div class=\"elementor-element elementor-element-64a510a elementor-widget elementor-widget-medizco-doctors\" data-id=\"64a510a\" data-element_type=\"widget\" data-widget_type=\"medizco-doctors.default\">\n\t\t\t\t<div class=\"elementor-widget-container\">\n\t\t\t\n        <div class=\"medizco_doctors medizco_doctors_filter\" data-rtl=\"\">\n                <ul class=\"filter_nav d-flex flex-wrap justify-content-center\">\n                    <li class=\"filter active\" data-filter=\".all-departments\">B\u00fct\u00fcn b\u00f6l\u00fcmler<\/li>\n                        <li class=\"filter\" data-filter=\".dental\">Di\u015f<\/li>\n                <\/ul>\n<div class=\"filter_items row\"><div class=\"filter_item mix col-lg-3 col-md-6 col-sm-12 all-departments dental\">\n<div class=\"doctor_box\">\n    <div class=\"doctor_box_img\">\n        <img fetchpriority=\"high\" decoding=\"async\" width=\"768\" height=\"768\" src=\"https:\/\/dentapalmiye.com\/wp-content\/uploads\/2019\/09\/4-768x768.png\" class=\"attachment-medium_large size-medium_large wp-post-image\" alt=\"\" srcset=\"https:\/\/dentapalmiye.com\/wp-content\/uploads\/2019\/09\/4-768x768.png 768w, https:\/\/dentapalmiye.com\/wp-content\/uploads\/2019\/09\/4-300x300.png 300w, https:\/\/dentapalmiye.com\/wp-content\/uploads\/2019\/09\/4-150x150.png 150w, https:\/\/dentapalmiye.com\/wp-content\/uploads\/2019\/09\/4-12x12.png 12w, https:\/\/dentapalmiye.com\/wp-content\/uploads\/2019\/09\/4-600x600.png 600w, https:\/\/dentapalmiye.com\/wp-content\/uploads\/2019\/09\/4-100x100.png 100w, https:\/\/dentapalmiye.com\/wp-content\/uploads\/2019\/09\/4.png 1024w\" sizes=\"(max-width: 768px) 100vw, 768px\" \/>            <\/div>\n\n    <!--     array(1) {\n  [\"type\"]=>\n  string(4) \"none\"\n}\n     -->\n\n        \n\n    <div class=\"doctor_box_content\">\n        <h3 class=\"doctor_box_title\">Olga Ba\u015fsav<\/h3>\n\n            <\/div>\n\n    <a href=\"https:\/\/dentapalmiye.com\/tr\/doctor\/olga-bassav\/\" class=\"doctor_box_link\"><\/a>\n<\/div>\n<\/div><div class=\"filter_item mix col-lg-3 col-md-6 col-sm-12 all-departments dental\">\n<div class=\"doctor_box\">\n    <div class=\"doctor_box_img\">\n        <img decoding=\"async\" width=\"768\" height=\"768\" src=\"https:\/\/dentapalmiye.com\/wp-content\/uploads\/2019\/09\/5-768x768.png\" class=\"attachment-medium_large size-medium_large wp-post-image\" alt=\"\" srcset=\"https:\/\/dentapalmiye.com\/wp-content\/uploads\/2019\/09\/5-768x768.png 768w, https:\/\/dentapalmiye.com\/wp-content\/uploads\/2019\/09\/5-300x300.png 300w, https:\/\/dentapalmiye.com\/wp-content\/uploads\/2019\/09\/5-150x150.png 150w, https:\/\/dentapalmiye.com\/wp-content\/uploads\/2019\/09\/5-12x12.png 12w, https:\/\/dentapalmiye.com\/wp-content\/uploads\/2019\/09\/5-600x600.png 600w, https:\/\/dentapalmiye.com\/wp-content\/uploads\/2019\/09\/5-100x100.png 100w, https:\/\/dentapalmiye.com\/wp-content\/uploads\/2019\/09\/5.png 1024w\" sizes=\"(max-width: 768px) 100vw, 768px\" \/>            <\/div>\n\n    <!--     array(1) {\n  [\"type\"]=>\n  string(4) \"none\"\n}\n     -->\n\n        \n\n    <div class=\"doctor_box_content\">\n        <h3 class=\"doctor_box_title\">Emine Ecem A.<\/h3>\n\n            <\/div>\n\n    <a href=\"https:\/\/dentapalmiye.com\/tr\/doctor\/thomas-henry\/\" class=\"doctor_box_link\"><\/a>\n<\/div>\n<\/div><\/div>        <\/div>\n        \t\t<\/div>\n\t\t\t\t<\/div>\n\t\t\t\t\t<\/div>\n\t\t<\/div>\n\t\t\t\t\t\t\t<\/div>\n\t\t<\/section>\n\t\t\t\t<section class=\"elementor-section elementor-top-section elementor-element elementor-element-ae647da ov-h elementor-section-boxed elementor-section-height-default elementor-section-height-default\" data-id=\"ae647da\" data-element_type=\"section\" data-settings=\"{&quot;background_background&quot;:&quot;classic&quot;,&quot;ekit_section_parallax_multi&quot;:&quot;yes&quot;,&quot;ekit_section_parallax_multi_items&quot;:[{&quot;parallax_style&quot;:&quot;onscroll&quot;,&quot;image&quot;:{&quot;url&quot;:&quot;https:\\\/\\\/dentapalmiye.com\\\/wp-content\\\/uploads\\\/2019\\\/09\\\/about-testimonial-bg-left.png&quot;,&quot;id&quot;:1703,&quot;size&quot;:&quot;&quot;},&quot;source_rotate&quot;:{&quot;unit&quot;:&quot;deg&quot;,&quot;size&quot;:&quot;&quot;,&quot;sizes&quot;:[]},&quot;pos_x&quot;:{&quot;unit&quot;:&quot;%&quot;,&quot;size&quot;:0,&quot;sizes&quot;:[]},&quot;pos_y&quot;:{&quot;unit&quot;:&quot;%&quot;,&quot;size&quot;:-10,&quot;sizes&quot;:[]},&quot;animation_iteration_count&quot;:null,&quot;zindex&quot;:0,&quot;_id&quot;:&quot;92ec3f9&quot;,&quot;parallax_blur_effect&quot;:{&quot;unit&quot;:&quot;px&quot;,&quot;size&quot;:0,&quot;sizes&quot;:[]},&quot;parallax_blur_effect_tablet&quot;:{&quot;unit&quot;:&quot;px&quot;,&quot;size&quot;:&quot;&quot;,&quot;sizes&quot;:[]},&quot;parallax_blur_effect_mobile&quot;:{&quot;unit&quot;:&quot;px&quot;,&quot;size&quot;:&quot;&quot;,&quot;sizes&quot;:[]},&quot;item_source&quot;:&quot;image&quot;,&quot;shape&quot;:null,&quot;shape_color&quot;:null,&quot;width_type&quot;:&quot;&quot;,&quot;custom_width&quot;:null,&quot;animation&quot;:null,&quot;animation_tablet&quot;:null,&quot;animation_mobile&quot;:null,&quot;item_opacity&quot;:&quot;1&quot;,&quot;animation_speed&quot;:null,&quot;animation_direction&quot;:null,&quot;parallax_speed&quot;:null,&quot;parallax_transform&quot;:&quot;translateY&quot;,&quot;parallax_transform_value&quot;:&quot;250&quot;,&quot;smoothness&quot;:&quot;700&quot;,&quot;offsettop&quot;:&quot;0&quot;,&quot;offsetbottom&quot;:&quot;0&quot;,&quot;maxtilt&quot;:null,&quot;scale&quot;:null,&quot;disableaxis&quot;:null},{&quot;parallax_style&quot;:&quot;onscroll&quot;,&quot;image&quot;:{&quot;url&quot;:&quot;https:\\\/\\\/dentapalmiye.com\\\/wp-content\\\/uploads\\\/2019\\\/09\\\/about-testimonial-bg-right.png&quot;,&quot;id&quot;:1702,&quot;size&quot;:&quot;&quot;},&quot;source_rotate&quot;:{&quot;unit&quot;:&quot;deg&quot;,&quot;size&quot;:&quot;&quot;,&quot;sizes&quot;:[]},&quot;pos_x&quot;:{&quot;unit&quot;:&quot;%&quot;,&quot;size&quot;:90,&quot;sizes&quot;:[]},&quot;pos_y&quot;:{&quot;unit&quot;:&quot;px&quot;,&quot;size&quot;:-120,&quot;sizes&quot;:[]},&quot;animation_iteration_count&quot;:null,&quot;zindex&quot;:0,&quot;_id&quot;:&quot;c6a2224&quot;,&quot;parallax_blur_effect&quot;:{&quot;unit&quot;:&quot;px&quot;,&quot;size&quot;:0,&quot;sizes&quot;:[]},&quot;parallax_blur_effect_tablet&quot;:{&quot;unit&quot;:&quot;px&quot;,&quot;size&quot;:&quot;&quot;,&quot;sizes&quot;:[]},&quot;parallax_blur_effect_mobile&quot;:{&quot;unit&quot;:&quot;px&quot;,&quot;size&quot;:&quot;&quot;,&quot;sizes&quot;:[]},&quot;item_source&quot;:&quot;image&quot;,&quot;shape&quot;:null,&quot;shape_color&quot;:null,&quot;width_type&quot;:&quot;&quot;,&quot;custom_width&quot;:null,&quot;animation&quot;:null,&quot;animation_tablet&quot;:null,&quot;animation_mobile&quot;:null,&quot;item_opacity&quot;:&quot;1&quot;,&quot;animation_speed&quot;:null,&quot;animation_direction&quot;:null,&quot;parallax_speed&quot;:null,&quot;parallax_transform&quot;:&quot;translateY&quot;,&quot;parallax_transform_value&quot;:&quot;250&quot;,&quot;smoothness&quot;:&quot;700&quot;,&quot;offsettop&quot;:&quot;0&quot;,&quot;offsetbottom&quot;:&quot;0&quot;,&quot;maxtilt&quot;:null,&quot;scale&quot;:null,&quot;disableaxis&quot;:null}]}\">\n\t\t\t\t\t\t<div class=\"elementor-container elementor-column-gap-default\">\n\t\t\t\t\t<div class=\"elementor-column elementor-col-100 elementor-top-column elementor-element elementor-element-14a2502\" data-id=\"14a2502\" data-element_type=\"column\">\n\t\t\t<div class=\"elementor-widget-wrap elementor-element-populated\">\n\t\t\t\t\t\t\t\t<div class=\"elementor-element elementor-element-c6e42af elementor-invisible elementor-widget elementor-widget-elementskit-heading\" data-id=\"c6e42af\" data-element_type=\"widget\" data-settings=\"{&quot;_animation&quot;:&quot;fadeInUp&quot;}\" data-widget_type=\"elementskit-heading.default\">\n\t\t\t\t<div class=\"elementor-widget-container\">\n\t\t\t<div class=\"ekit-wid-con\" ><div class=\"ekit-heading elementskit-section-title-wraper text_center   ekit_heading_tablet-   ekit_heading_mobile-\"><h2 class=\"ekit-heading--title elementskit-section-title\">Hizmet Al\u0131c\u0131s\u0131 Diyor ki<\/h2><\/div><\/div>\t\t<\/div>\n\t\t\t\t<\/div>\n\t\t\t\t<div class=\"elementor-element elementor-element-2dd6ebf medizco_testimonials bg_white mx-auto mw-100 elementor-widget__width-initial elementor-invisible elementor-widget elementor-widget-elementskit-testimonial\" data-id=\"2dd6ebf\" data-element_type=\"widget\" data-settings=\"{&quot;_animation&quot;:&quot;fadeInUp&quot;,&quot;_animation_delay&quot;:300}\" data-widget_type=\"elementskit-testimonial.default\">\n\t\t\t\t<div class=\"elementor-widget-container\">\n\t\t\t<div class=\"ekit-wid-con\" ><div class=\"elementskit-testimonial-slider arrow_inside elementskit-default-testimonial\" data-config=\"{&quot;rtl&quot;:false,&quot;arrows&quot;:true,&quot;dots&quot;:false,&quot;pauseOnHover&quot;:false,&quot;autoplay&quot;:false,&quot;speed&quot;:1000,&quot;slidesPerGroup&quot;:1,&quot;slidesPerView&quot;:1,&quot;loop&quot;:false,&quot;spaceBetween&quot;:0,&quot;breakpoints&quot;:{&quot;320&quot;:{&quot;slidesPerView&quot;:1,&quot;slidesPerGroup&quot;:1,&quot;spaceBetween&quot;:10},&quot;768&quot;:{&quot;slidesPerView&quot;:2,&quot;slidesPerGroup&quot;:1,&quot;spaceBetween&quot;:10},&quot;1024&quot;:{&quot;slidesPerView&quot;:1,&quot;slidesPerGroup&quot;:1,&quot;spaceBetween&quot;:15}}}\">\n\t<div class=\"ekit-main-swiper swiper-container\">\n\t\t<div class=\"swiper-wrapper\">\n\t\t\t\t\t\t\t<div class=\"swiper-slide\">\n\t\t\t\t\t<div class=\"swiper-slide-inner\">\n\t\t\t\t\t\t<div class=\"elemntskit-testimonial-item\" >\n\t\t\t\t\t\t\t<div class=\"elementskit-single-testimonial-slider\">\n\t\t\t\t\t\t\t\t<div class=\"row\">\n\t\t\t\t\t\t\t\t\t<div class=\"col-lg-6 elementkit-testimonial-col\">\n\t\t\t\t\t\t\t\t\t\t<div class=\"elementskit-commentor-content\">\n\t\t\t\t\t\t\t\t\t\t\t\t\t\t\t\t\t\t\t\t\t\t\t<div class=\"elementskit-client_logo\">\n\t\t\t\t\t\t\t\t\t\t\t\t\t<img decoding=\"async\" width=\"38\" height=\"38\" src=\"https:\/\/dentapalmiye.com\/wp-content\/uploads\/2019\/08\/quote-icon.png\" class=\"attachment-full size-full\" alt=\"\" \/>\t\t\t\t\t\t\t\t\t\t\t\t<\/div>\n\t\t\t\t\t\t\t\t\t\t\t\t\t\t\t\t\t\t\t\t\t\t\t\t\t\t\t\t\t\t\t\t\t\t<p>&quot;Alanya&#039;daki tatilim s\u0131ras\u0131nda Dentapalm&#039;\u0131 ziyaret ettim ve \u00e7ok etkilendim. Personel inan\u0131lmaz derecede cana yak\u0131nd\u0131 ve hizmet bekledi\u011fimin \u00f6tesindeydi. Di\u015f beyazlatma hizmetini \u015fiddetle tavsiye ediyorum; t\u00fcm tatil foto\u011fraflar\u0131mda g\u00f6z kama\u015ft\u0131r\u0131c\u0131 bir g\u00fcl\u00fcmsemeye neden oldu. !&quot;<\/p>\n\t\t\t\t\t\t\t\t\t\t\t\t\t\t\t\t\t\t\t\t\t\t\t\t\t\t\t\t\t\t\t\t\t\t<span class=\"elementskit-border-hr\"><\/span>\n\t\t\t\t\t\t\t\t\t\t\t\t\t\t\t\t\t\t\t\t\t\t<span class=\"elementskit-profile-info\">\n\t\t\t\t\t\t\t\t\t\t\t\t<strong class=\"elementskit-author-name\">James Carter<\/strong>\n\t\t\t\t\t\t\t\t\t\t\t\t<span class=\"elementskit-author-des\"><\/span>\n\t\t\t\t\t\t\t\t\t\t\t<\/span>\n\t\t\t\t\t\t\t\t\t\t<\/div>\n\t\t\t\t\t\t\t\t\t<\/div>\n\t\t\t\t\t\t\t\t\t<div class=\"col-lg-6 elementkit-testimonial-col\">\n\t\t\t\t\t\t\t\t\t\t<div class=\"elementskit-profile-image-card\">\n\t\t\t\t\t\t\t\t\t\t\t<img loading=\"lazy\" decoding=\"async\" width=\"434\" height=\"381\" src=\"https:\/\/dentapalmiye.com\/wp-content\/uploads\/2019\/08\/testimonial-01.png\" class=\"attachment-full size-full\" alt=\"\" srcset=\"https:\/\/dentapalmiye.com\/wp-content\/uploads\/2019\/08\/testimonial-01.png 434w, https:\/\/dentapalmiye.com\/wp-content\/uploads\/2019\/08\/testimonial-01-300x263.png 300w\" sizes=\"(max-width: 434px) 100vw, 434px\" \/>\t\t\t\t\t\t\t\t\t\t\t\t\t\t\t\t\t\t\t\t\t<\/div>\n\t\t\t\t\t\t\t\t\t<\/div>\n\t\t\t\t\t\t\t\t<\/div>\n\t\t\t\t\t\t\t<\/div>\n\t\t\t\t\t\t<\/div>\n\t\t\t\t\t<\/div>\n\t\t\t\t<\/div>\n\t\t\t\t\t\t\t<div class=\"swiper-slide\">\n\t\t\t\t\t<div class=\"swiper-slide-inner\">\n\t\t\t\t\t\t<div class=\"elemntskit-testimonial-item\" >\n\t\t\t\t\t\t\t<div class=\"elementskit-single-testimonial-slider\">\n\t\t\t\t\t\t\t\t<div class=\"row\">\n\t\t\t\t\t\t\t\t\t<div class=\"col-lg-6 elementkit-testimonial-col\">\n\t\t\t\t\t\t\t\t\t\t<div class=\"elementskit-commentor-content\">\n\t\t\t\t\t\t\t\t\t\t\t\t\t\t\t\t\t\t\t\t\t\t\t<div class=\"elementskit-client_logo\">\n\t\t\t\t\t\t\t\t\t\t\t\t\t<img decoding=\"async\" width=\"38\" height=\"38\" src=\"https:\/\/dentapalmiye.com\/wp-content\/uploads\/2019\/08\/quote-icon.png\" class=\"attachment-full size-full\" alt=\"\" \/>\t\t\t\t\t\t\t\t\t\t\t\t<\/div>\n\t\t\t\t\t\t\t\t\t\t\t\t\t\t\t\t\t\t\t\t\t\t\t\t\t\t\t\t\t\t\t\t\t\t<p>&quot;Dentapalm son derece s\u0131cak bir atmosfere ve son derece profesyonel bir ekibe sahip. \u0130\u015flemimden \u00f6nce verilen detayl\u0131 a\u00e7\u0131klama kendimi g\u00fcvende ve bilgili hissetmemi sa\u011flad\u0131. Hasta bak\u0131m\u0131 ve konforunu \u00f6n planda tuttuklar\u0131 a\u00e7\u0131k.&quot;<\/p>\n\t\t\t\t\t\t\t\t\t\t\t\t\t\t\t\t\t\t\t\t\t\t\t\t\t\t\t\t\t\t\t\t\t\t<span class=\"elementskit-border-hr\"><\/span>\n\t\t\t\t\t\t\t\t\t\t\t\t\t\t\t\t\t\t\t\t\t\t<span class=\"elementskit-profile-info\">\n\t\t\t\t\t\t\t\t\t\t\t\t<strong class=\"elementskit-author-name\">Sophia M\u00fcller<\/strong>\n\t\t\t\t\t\t\t\t\t\t\t\t<span class=\"elementskit-author-des\"><\/span>\n\t\t\t\t\t\t\t\t\t\t\t<\/span>\n\t\t\t\t\t\t\t\t\t\t<\/div>\n\t\t\t\t\t\t\t\t\t<\/div>\n\t\t\t\t\t\t\t\t\t<div class=\"col-lg-6 elementkit-testimonial-col\">\n\t\t\t\t\t\t\t\t\t\t<div class=\"elementskit-profile-image-card\">\n\t\t\t\t\t\t\t\t\t\t\t<img loading=\"lazy\" decoding=\"async\" width=\"364\" height=\"389\" src=\"https:\/\/dentapalmiye.com\/wp-content\/uploads\/2019\/08\/testimonial-02.png\" class=\"attachment-full size-full\" alt=\"\" srcset=\"https:\/\/dentapalmiye.com\/wp-content\/uploads\/2019\/08\/testimonial-02.png 364w, https:\/\/dentapalmiye.com\/wp-content\/uploads\/2019\/08\/testimonial-02-281x300.png 281w\" sizes=\"(max-width: 364px) 100vw, 364px\" \/>\t\t\t\t\t\t\t\t\t\t\t\t\t\t\t\t\t\t\t\t\t<\/div>\n\t\t\t\t\t\t\t\t\t<\/div>\n\t\t\t\t\t\t\t\t<\/div>\n\t\t\t\t\t\t\t<\/div>\n\t\t\t\t\t\t<\/div>\n\t\t\t\t\t<\/div>\n\t\t\t\t<\/div>\n\t\t\t\t\t\t\t<div class=\"swiper-slide\">\n\t\t\t\t\t<div class=\"swiper-slide-inner\">\n\t\t\t\t\t\t<div class=\"elemntskit-testimonial-item\" >\n\t\t\t\t\t\t\t<div class=\"elementskit-single-testimonial-slider\">\n\t\t\t\t\t\t\t\t<div class=\"row\">\n\t\t\t\t\t\t\t\t\t<div class=\"col-lg-6 elementkit-testimonial-col\">\n\t\t\t\t\t\t\t\t\t\t<div class=\"elementskit-commentor-content\">\n\t\t\t\t\t\t\t\t\t\t\t\t\t\t\t\t\t\t\t\t\t\t\t<div class=\"elementskit-client_logo\">\n\t\t\t\t\t\t\t\t\t\t\t\t\t<img decoding=\"async\" width=\"38\" height=\"38\" src=\"https:\/\/dentapalmiye.com\/wp-content\/uploads\/2019\/08\/quote-icon.png\" class=\"attachment-full size-full\" alt=\"\" \/>\t\t\t\t\t\t\t\t\t\t\t\t<\/div>\n\t\t\t\t\t\t\t\t\t\t\t\t\t\t\t\t\t\t\t\t\t\t\t\t\t\t\t\t\t\t\t\t\t\t<p>&quot;Di\u015f hekimi ziyaretleri konusunda her zaman endi\u015feliydim ama Dentapalm ekibi bunu benim i\u00e7in de\u011fi\u015ftirdi. Nazik yakla\u015f\u0131mlar\u0131 ve son teknolojiye sahip ekipmanlar\u0131, di\u015f hekimli\u011fi deneyimimi a\u011fr\u0131s\u0131z hale getirdi. Art\u0131k d\u00fczenli bir hastay\u0131m ve bunu yapamam. hizmetlerinden daha mutlu olun.&quot;<\/p>\n\t\t\t\t\t\t\t\t\t\t\t\t\t\t\t\t\t\t\t\t\t\t\t\t\t\t\t\t\t\t\t\t\t\t<span class=\"elementskit-border-hr\"><\/span>\n\t\t\t\t\t\t\t\t\t\t\t\t\t\t\t\t\t\t\t\t\t\t<span class=\"elementskit-profile-info\">\n\t\t\t\t\t\t\t\t\t\t\t\t<strong class=\"elementskit-author-name\">Liam Chen<\/strong>\n\t\t\t\t\t\t\t\t\t\t\t\t<span class=\"elementskit-author-des\"><\/span>\n\t\t\t\t\t\t\t\t\t\t\t<\/span>\n\t\t\t\t\t\t\t\t\t\t<\/div>\n\t\t\t\t\t\t\t\t\t<\/div>\n\t\t\t\t\t\t\t\t\t<div class=\"col-lg-6 elementkit-testimonial-col\">\n\t\t\t\t\t\t\t\t\t\t<div class=\"elementskit-profile-image-card\">\n\t\t\t\t\t\t\t\t\t\t\t<img loading=\"lazy\" decoding=\"async\" width=\"476\" height=\"313\" src=\"https:\/\/dentapalmiye.com\/wp-content\/uploads\/2019\/08\/testimonial-03.png\" class=\"attachment-full size-full\" alt=\"\" srcset=\"https:\/\/dentapalmiye.com\/wp-content\/uploads\/2019\/08\/testimonial-03.png 476w, https:\/\/dentapalmiye.com\/wp-content\/uploads\/2019\/08\/testimonial-03-300x197.png 300w\" sizes=\"(max-width: 476px) 100vw, 476px\" \/>\t\t\t\t\t\t\t\t\t\t\t\t\t\t\t\t\t\t\t\t\t<\/div>\n\t\t\t\t\t\t\t\t\t<\/div>\n\t\t\t\t\t\t\t\t<\/div>\n\t\t\t\t\t\t\t<\/div>\n\t\t\t\t\t\t<\/div>\n\t\t\t\t\t<\/div>\n\t\t\t\t<\/div>\n\t\t\t\t\t<\/div>\n\n\t\t\n\t\t\t\t\t<div class=\"swiper-navigation-button swiper-button-prev\"><i class=\"fasicon icon-arrow-left\"><\/i><\/div>\n\t\t\t<div class=\"swiper-navigation-button swiper-button-next\"><i class=\"fasicon icon-arrow-right\"><\/i><\/div>\n\t\t\t<\/div>\n<\/div>\n<\/div>\t\t<\/div>\n\t\t\t\t<\/div>\n\t\t\t\t\t<\/div>\n\t\t<\/div>\n\t\t\t\t\t\t\t<\/div>\n\t\t<\/section>\n\t\t\t\t\t\t\t<\/div>","protected":false},"excerpt":{"rendered":"<p>T\u00fcm Departmanlar Di\u015f \u0130nstagram Testi Testi Di\u015f \u0130nstagram Testi Testi Di\u015f \u0130nstagram Testi Testi Di\u015f Hizmeti Alan Ki\u015fi Diyor ki \u201cAlanya&#039;daki tatilim s\u0131ras\u0131nda Dentapalm&#039;\u0131 ziyaret ettim ve \u00e7ok etkilendim. Personel inan\u0131lmaz derecede arkada\u015f canl\u0131s\u0131yd\u0131 ve hizmet beklentilerimin \u00f6tesindeydi. Di\u015f beyazlatma [\u2026]<\/p>","protected":false},"author":1,"featured_media":0,"parent":0,"menu_order":0,"comment_status":"closed","ping_status":"closed","template":"template\/template-page.php","meta":{"footnotes":""},"yoast_head":"<!-- This site is optimized with the Yoast SEO plugin v22.6 - https:\/\/yoast.com\/wordpress\/plugins\/seo\/ -->\n<title>Doctors - Dentapalmiye<\/title>\n<meta name=\"robots\" content=\"index, follow, max-snippet:-1, max-image-preview:large, max-video-preview:-1\" \/>\n<link rel=\"canonical\" href=\"https:\/\/dentapalmiye.com\/tr\/doctors\/\" \/>\n<meta property=\"og:locale\" content=\"tr_TR\" \/>\n<meta property=\"og:type\" content=\"article\" \/>\n<meta property=\"og:title\" content=\"Doctors - Dentapalmiye\" \/>\n<meta property=\"og:description\" content=\"All Departments Dental \u0130nstagram Test Test Dental \u0130nstagram Test Test Dental \u0130nstagram Test Test Dental \u0130nstagram Test Test Dental &nbsp; Service Recipient Says &#8220;I visited Dentapalm during my vacation in Alanya, and I was thoroughly impressed. The staff were incredibly friendly, and the service was beyond what I expected. I highly recommend their teeth whitening [&hellip;]\" \/>\n<meta property=\"og:url\" content=\"https:\/\/dentapalmiye.com\/tr\/doctors\/\" \/>\n<meta property=\"og:site_name\" content=\"Dentapalmiye\" \/>\n<meta property=\"article:modified_time\" content=\"2025-02-24T18:22:03+00:00\" \/>\n<meta property=\"og:image\" content=\"https:\/\/dentapalmiye.com\/wp-content\/uploads\/2019\/08\/team-2.jpg\" \/>\n<meta name=\"twitter:card\" content=\"summary_large_image\" \/>\n<meta name=\"twitter:label1\" content=\"Tahmini okuma s\u00fcresi\" \/>\n\t<meta name=\"twitter:data1\" content=\"3 dakika\" \/>\n<script type=\"application\/ld+json\" class=\"yoast-schema-graph\">{\"@context\":\"https:\/\/schema.org\",\"@graph\":[{\"@type\":\"WebPage\",\"@id\":\"https:\/\/dentapalmiye.com\/doctors\/\",\"url\":\"https:\/\/dentapalmiye.com\/doctors\/\",\"name\":\"Doctors - Dentapalmiye\",\"isPartOf\":{\"@id\":\"https:\/\/dentapalmiye.com\/#website\"},\"primaryImageOfPage\":{\"@id\":\"https:\/\/dentapalmiye.com\/doctors\/#primaryimage\"},\"image\":{\"@id\":\"https:\/\/dentapalmiye.com\/doctors\/#primaryimage\"},\"thumbnailUrl\":\"https:\/\/dentapalmiye.com\/wp-content\/uploads\/2019\/08\/team-2.jpg\",\"datePublished\":\"2019-09-13T10:08:26+00:00\",\"dateModified\":\"2025-02-24T18:22:03+00:00\",\"breadcrumb\":{\"@id\":\"https:\/\/dentapalmiye.com\/doctors\/#breadcrumb\"},\"inLanguage\":\"tr\",\"potentialAction\":[{\"@type\":\"ReadAction\",\"target\":[\"https:\/\/dentapalmiye.com\/doctors\/\"]}]},{\"@type\":\"ImageObject\",\"inLanguage\":\"tr\",\"@id\":\"https:\/\/dentapalmiye.com\/doctors\/#primaryimage\",\"url\":\"https:\/\/dentapalmiye.com\/wp-content\/uploads\/2019\/08\/team-2.jpg\",\"contentUrl\":\"https:\/\/dentapalmiye.com\/wp-content\/uploads\/2019\/08\/team-2.jpg\"},{\"@type\":\"BreadcrumbList\",\"@id\":\"https:\/\/dentapalmiye.com\/doctors\/#breadcrumb\",\"itemListElement\":[{\"@type\":\"ListItem\",\"position\":1,\"name\":\"Home\",\"item\":\"https:\/\/dentapalmiye.com\/\"},{\"@type\":\"ListItem\",\"position\":2,\"name\":\"Doctors\"}]},{\"@type\":\"WebSite\",\"@id\":\"https:\/\/dentapalmiye.com\/#website\",\"url\":\"https:\/\/dentapalmiye.com\/\",\"name\":\"Dentapalmiye\",\"description\":\"Alanya Dentist\",\"potentialAction\":[{\"@type\":\"SearchAction\",\"target\":{\"@type\":\"EntryPoint\",\"urlTemplate\":\"https:\/\/dentapalmiye.com\/?s={search_term_string}\"},\"query-input\":\"required name=search_term_string\"}],\"inLanguage\":\"tr\"}]}<\/script>\n<!-- \/ Yoast SEO plugin. -->","yoast_head_json":{"title":"Doctors - Dentapalmiye","robots":{"index":"index","follow":"follow","max-snippet":"max-snippet:-1","max-image-preview":"max-image-preview:large","max-video-preview":"max-video-preview:-1"},"canonical":"https:\/\/dentapalmiye.com\/tr\/doctors\/","og_locale":"tr_TR","og_type":"article","og_title":"Doctors - Dentapalmiye","og_description":"All Departments Dental \u0130nstagram Test Test Dental \u0130nstagram Test Test Dental \u0130nstagram Test Test Dental \u0130nstagram Test Test Dental &nbsp; Service Recipient Says &#8220;I visited Dentapalm during my vacation in Alanya, and I was thoroughly impressed. The staff were incredibly friendly, and the service was beyond what I expected. I highly recommend their teeth whitening [&hellip;]","og_url":"https:\/\/dentapalmiye.com\/tr\/doctors\/","og_site_name":"Dentapalmiye","article_modified_time":"2025-02-24T18:22:03+00:00","og_image":[{"url":"https:\/\/dentapalmiye.com\/wp-content\/uploads\/2019\/08\/team-2.jpg"}],"twitter_card":"summary_large_image","twitter_misc":{"Tahmini okuma s\u00fcresi":"3 dakika"},"schema":{"@context":"https:\/\/schema.org","@graph":[{"@type":"WebPage","@id":"https:\/\/dentapalmiye.com\/doctors\/","url":"https:\/\/dentapalmiye.com\/doctors\/","name":"Doctors - Dentapalmiye","isPartOf":{"@id":"https:\/\/dentapalmiye.com\/#website"},"primaryImageOfPage":{"@id":"https:\/\/dentapalmiye.com\/doctors\/#primaryimage"},"image":{"@id":"https:\/\/dentapalmiye.com\/doctors\/#primaryimage"},"thumbnailUrl":"https:\/\/dentapalmiye.com\/wp-content\/uploads\/2019\/08\/team-2.jpg","datePublished":"2019-09-13T10:08:26+00:00","dateModified":"2025-02-24T18:22:03+00:00","breadcrumb":{"@id":"https:\/\/dentapalmiye.com\/doctors\/#breadcrumb"},"inLanguage":"tr","potentialAction":[{"@type":"ReadAction","target":["https:\/\/dentapalmiye.com\/doctors\/"]}]},{"@type":"ImageObject","inLanguage":"tr","@id":"https:\/\/dentapalmiye.com\/doctors\/#primaryimage","url":"https:\/\/dentapalmiye.com\/wp-content\/uploads\/2019\/08\/team-2.jpg","contentUrl":"https:\/\/dentapalmiye.com\/wp-content\/uploads\/2019\/08\/team-2.jpg"},{"@type":"BreadcrumbList","@id":"https:\/\/dentapalmiye.com\/doctors\/#breadcrumb","itemListElement":[{"@type":"ListItem","position":1,"name":"Home","item":"https:\/\/dentapalmiye.com\/"},{"@type":"ListItem","position":2,"name":"Doctors"}]},{"@type":"WebSite","@id":"https:\/\/dentapalmiye.com\/#website","url":"https:\/\/dentapalmiye.com\/","name":"Dentapalmiye","description":"Alanya Dentist","potentialAction":[{"@type":"SearchAction","target":{"@type":"EntryPoint","urlTemplate":"https:\/\/dentapalmiye.com\/?s={search_term_string}"},"query-input":"required name=search_term_string"}],"inLanguage":"tr"}]}},"_links":{"self":[{"href":"https:\/\/dentapalmiye.com\/tr\/wp-json\/wp\/v2\/pages\/2306"}],"collection":[{"href":"https:\/\/dentapalmiye.com\/tr\/wp-json\/wp\/v2\/pages"}],"about":[{"href":"https:\/\/dentapalmiye.com\/tr\/wp-json\/wp\/v2\/types\/page"}],"author":[{"embeddable":true,"href":"https:\/\/dentapalmiye.com\/tr\/wp-json\/wp\/v2\/users\/1"}],"replies":[{"embeddable":true,"href":"https:\/\/dentapalmiye.com\/tr\/wp-json\/wp\/v2\/comments?post=2306"}],"version-history":[{"count":7,"href":"https:\/\/dentapalmiye.com\/tr\/wp-json\/wp\/v2\/pages\/2306\/revisions"}],"predecessor-version":[{"id":5588,"href":"https:\/\/dentapalmiye.com\/tr\/wp-json\/wp\/v2\/pages\/2306\/revisions\/5588"}],"wp:attachment":[{"href":"https:\/\/dentapalmiye.com\/tr\/wp-json\/wp\/v2\/media?parent=2306"}],"curies":[{"name":"wp","href":"https:\/\/api.w.org\/{rel}","templated":true}]}}