{"id":2306,"date":"2019-09-13T10:08:26","date_gmt":"2019-09-13T10:08:26","guid":{"rendered":"https:\/\/dentapalmiye.com\/?page_id=2306"},"modified":"2025-02-24T21:22:03","modified_gmt":"2025-02-24T18:22:03","slug":"doctors","status":"publish","type":"page","link":"https:\/\/dentapalmiye.com\/de\/doctors\/","title":{"rendered":"\u00c4rzte"},"content":{"rendered":"<div data-elementor-type=\"wp-page\" data-elementor-id=\"2306\" class=\"elementor elementor-2306\" data-elementor-post-type=\"page\">\n\t\t\t\t\t\t\t\t\t<section class=\"elementor-section elementor-top-section elementor-element elementor-element-4663594 elementor-section-boxed elementor-section-height-default elementor-section-height-default\" data-id=\"4663594\" data-element_type=\"section\">\n\t\t\t\t\t\t<div class=\"elementor-container elementor-column-gap-default\">\n\t\t\t\t\t<div class=\"elementor-column elementor-col-100 elementor-top-column elementor-element elementor-element-f7964ac\" data-id=\"f7964ac\" data-element_type=\"column\">\n\t\t\t<div class=\"elementor-widget-wrap elementor-element-populated\">\n\t\t\t\t\t\t\t\t<div class=\"elementor-element elementor-element-64a510a elementor-widget elementor-widget-medizco-doctors\" data-id=\"64a510a\" data-element_type=\"widget\" data-widget_type=\"medizco-doctors.default\">\n\t\t\t\t<div class=\"elementor-widget-container\">\n\t\t\t\n        <div class=\"medizco_doctors medizco_doctors_filter\" data-rtl=\"\">\n                <ul class=\"filter_nav d-flex flex-wrap justify-content-center\">\n                    <li class=\"filter active\" data-filter=\".all-departments\">Alle Abteilungen<\/li>\n                        <li class=\"filter\" data-filter=\".dental\">Zahnmedizin<\/li>\n                <\/ul>\n<div class=\"filter_items row\"><div class=\"filter_item mix col-lg-3 col-md-6 col-sm-12 all-departments dental\">\n<div class=\"doctor_box\">\n    <div class=\"doctor_box_img\">\n        <img fetchpriority=\"high\" decoding=\"async\" width=\"768\" height=\"768\" src=\"https:\/\/dentapalmiye.com\/wp-content\/uploads\/2019\/09\/4-768x768.png\" class=\"attachment-medium_large size-medium_large wp-post-image\" alt=\"\" srcset=\"https:\/\/dentapalmiye.com\/wp-content\/uploads\/2019\/09\/4-768x768.png 768w, https:\/\/dentapalmiye.com\/wp-content\/uploads\/2019\/09\/4-300x300.png 300w, https:\/\/dentapalmiye.com\/wp-content\/uploads\/2019\/09\/4-150x150.png 150w, https:\/\/dentapalmiye.com\/wp-content\/uploads\/2019\/09\/4-12x12.png 12w, https:\/\/dentapalmiye.com\/wp-content\/uploads\/2019\/09\/4-600x600.png 600w, https:\/\/dentapalmiye.com\/wp-content\/uploads\/2019\/09\/4-100x100.png 100w, https:\/\/dentapalmiye.com\/wp-content\/uploads\/2019\/09\/4.png 1024w\" sizes=\"(max-width: 768px) 100vw, 768px\" \/>            <\/div>\n\n    <!--     array(1) {\n  [\"type\"]=>\n  string(4) \"none\"\n}\n     -->\n\n        \n\n    <div class=\"doctor_box_content\">\n        <h3 class=\"doctor_box_title\">Olga Ba\u015fav<\/h3>\n\n            <\/div>\n\n    <a href=\"https:\/\/dentapalmiye.com\/de\/doctor\/olga-bassav\/\" class=\"doctor_box_link\"><\/a>\n<\/div>\n<\/div><div class=\"filter_item mix col-lg-3 col-md-6 col-sm-12 all-departments dental\">\n<div class=\"doctor_box\">\n    <div class=\"doctor_box_img\">\n        <img decoding=\"async\" width=\"768\" height=\"768\" src=\"https:\/\/dentapalmiye.com\/wp-content\/uploads\/2019\/09\/5-768x768.png\" class=\"attachment-medium_large size-medium_large wp-post-image\" alt=\"\" srcset=\"https:\/\/dentapalmiye.com\/wp-content\/uploads\/2019\/09\/5-768x768.png 768w, https:\/\/dentapalmiye.com\/wp-content\/uploads\/2019\/09\/5-300x300.png 300w, https:\/\/dentapalmiye.com\/wp-content\/uploads\/2019\/09\/5-150x150.png 150w, https:\/\/dentapalmiye.com\/wp-content\/uploads\/2019\/09\/5-12x12.png 12w, https:\/\/dentapalmiye.com\/wp-content\/uploads\/2019\/09\/5-600x600.png 600w, https:\/\/dentapalmiye.com\/wp-content\/uploads\/2019\/09\/5-100x100.png 100w, https:\/\/dentapalmiye.com\/wp-content\/uploads\/2019\/09\/5.png 1024w\" sizes=\"(max-width: 768px) 100vw, 768px\" \/>            <\/div>\n\n    <!--     array(1) {\n  [\"type\"]=>\n  string(4) \"none\"\n}\n     -->\n\n        \n\n    <div class=\"doctor_box_content\">\n        <h3 class=\"doctor_box_title\">Emine Ecem A.<\/h3>\n\n            <\/div>\n\n    <a href=\"https:\/\/dentapalmiye.com\/de\/doctor\/thomas-henry\/\" class=\"doctor_box_link\"><\/a>\n<\/div>\n<\/div><\/div>        <\/div>\n        \t\t<\/div>\n\t\t\t\t<\/div>\n\t\t\t\t\t<\/div>\n\t\t<\/div>\n\t\t\t\t\t\t\t<\/div>\n\t\t<\/section>\n\t\t\t\t<section class=\"elementor-section elementor-top-section elementor-element elementor-element-ae647da ov-h elementor-section-boxed elementor-section-height-default elementor-section-height-default\" data-id=\"ae647da\" data-element_type=\"section\" data-settings=\"{&quot;background_background&quot;:&quot;classic&quot;,&quot;ekit_section_parallax_multi&quot;:&quot;yes&quot;,&quot;ekit_section_parallax_multi_items&quot;:[{&quot;parallax_style&quot;:&quot;onscroll&quot;,&quot;image&quot;:{&quot;url&quot;:&quot;https:\\\/\\\/dentapalmiye.com\\\/wp-content\\\/uploads\\\/2019\\\/09\\\/about-testimonial-bg-left.png&quot;,&quot;id&quot;:1703,&quot;size&quot;:&quot;&quot;},&quot;source_rotate&quot;:{&quot;unit&quot;:&quot;deg&quot;,&quot;size&quot;:&quot;&quot;,&quot;sizes&quot;:[]},&quot;pos_x&quot;:{&quot;unit&quot;:&quot;%&quot;,&quot;size&quot;:0,&quot;sizes&quot;:[]},&quot;pos_y&quot;:{&quot;unit&quot;:&quot;%&quot;,&quot;size&quot;:-10,&quot;sizes&quot;:[]},&quot;animation_iteration_count&quot;:null,&quot;zindex&quot;:0,&quot;_id&quot;:&quot;92ec3f9&quot;,&quot;parallax_blur_effect&quot;:{&quot;unit&quot;:&quot;px&quot;,&quot;size&quot;:0,&quot;sizes&quot;:[]},&quot;parallax_blur_effect_tablet&quot;:{&quot;unit&quot;:&quot;px&quot;,&quot;size&quot;:&quot;&quot;,&quot;sizes&quot;:[]},&quot;parallax_blur_effect_mobile&quot;:{&quot;unit&quot;:&quot;px&quot;,&quot;size&quot;:&quot;&quot;,&quot;sizes&quot;:[]},&quot;item_source&quot;:&quot;image&quot;,&quot;shape&quot;:null,&quot;shape_color&quot;:null,&quot;width_type&quot;:&quot;&quot;,&quot;custom_width&quot;:null,&quot;animation&quot;:null,&quot;animation_tablet&quot;:null,&quot;animation_mobile&quot;:null,&quot;item_opacity&quot;:&quot;1&quot;,&quot;animation_speed&quot;:null,&quot;animation_direction&quot;:null,&quot;parallax_speed&quot;:null,&quot;parallax_transform&quot;:&quot;translateY&quot;,&quot;parallax_transform_value&quot;:&quot;250&quot;,&quot;smoothness&quot;:&quot;700&quot;,&quot;offsettop&quot;:&quot;0&quot;,&quot;offsetbottom&quot;:&quot;0&quot;,&quot;maxtilt&quot;:null,&quot;scale&quot;:null,&quot;disableaxis&quot;:null},{&quot;parallax_style&quot;:&quot;onscroll&quot;,&quot;image&quot;:{&quot;url&quot;:&quot;https:\\\/\\\/dentapalmiye.com\\\/wp-content\\\/uploads\\\/2019\\\/09\\\/about-testimonial-bg-right.png&quot;,&quot;id&quot;:1702,&quot;size&quot;:&quot;&quot;},&quot;source_rotate&quot;:{&quot;unit&quot;:&quot;deg&quot;,&quot;size&quot;:&quot;&quot;,&quot;sizes&quot;:[]},&quot;pos_x&quot;:{&quot;unit&quot;:&quot;%&quot;,&quot;size&quot;:90,&quot;sizes&quot;:[]},&quot;pos_y&quot;:{&quot;unit&quot;:&quot;px&quot;,&quot;size&quot;:-120,&quot;sizes&quot;:[]},&quot;animation_iteration_count&quot;:null,&quot;zindex&quot;:0,&quot;_id&quot;:&quot;c6a2224&quot;,&quot;parallax_blur_effect&quot;:{&quot;unit&quot;:&quot;px&quot;,&quot;size&quot;:0,&quot;sizes&quot;:[]},&quot;parallax_blur_effect_tablet&quot;:{&quot;unit&quot;:&quot;px&quot;,&quot;size&quot;:&quot;&quot;,&quot;sizes&quot;:[]},&quot;parallax_blur_effect_mobile&quot;:{&quot;unit&quot;:&quot;px&quot;,&quot;size&quot;:&quot;&quot;,&quot;sizes&quot;:[]},&quot;item_source&quot;:&quot;image&quot;,&quot;shape&quot;:null,&quot;shape_color&quot;:null,&quot;width_type&quot;:&quot;&quot;,&quot;custom_width&quot;:null,&quot;animation&quot;:null,&quot;animation_tablet&quot;:null,&quot;animation_mobile&quot;:null,&quot;item_opacity&quot;:&quot;1&quot;,&quot;animation_speed&quot;:null,&quot;animation_direction&quot;:null,&quot;parallax_speed&quot;:null,&quot;parallax_transform&quot;:&quot;translateY&quot;,&quot;parallax_transform_value&quot;:&quot;250&quot;,&quot;smoothness&quot;:&quot;700&quot;,&quot;offsettop&quot;:&quot;0&quot;,&quot;offsetbottom&quot;:&quot;0&quot;,&quot;maxtilt&quot;:null,&quot;scale&quot;:null,&quot;disableaxis&quot;:null}]}\">\n\t\t\t\t\t\t<div class=\"elementor-container elementor-column-gap-default\">\n\t\t\t\t\t<div class=\"elementor-column elementor-col-100 elementor-top-column elementor-element elementor-element-14a2502\" data-id=\"14a2502\" data-element_type=\"column\">\n\t\t\t<div class=\"elementor-widget-wrap elementor-element-populated\">\n\t\t\t\t\t\t\t\t<div class=\"elementor-element elementor-element-c6e42af elementor-invisible elementor-widget elementor-widget-elementskit-heading\" data-id=\"c6e42af\" data-element_type=\"widget\" data-settings=\"{&quot;_animation&quot;:&quot;fadeInUp&quot;}\" data-widget_type=\"elementskit-heading.default\">\n\t\t\t\t<div class=\"elementor-widget-container\">\n\t\t\t<div class=\"ekit-wid-con\" ><div class=\"ekit-heading elementskit-section-title-wraper text_center   ekit_heading_tablet-   ekit_heading_mobile-\"><h2 class=\"ekit-heading--title elementskit-section-title\">Serviceempf\u00e4nger sagt<\/h2><\/div><\/div>\t\t<\/div>\n\t\t\t\t<\/div>\n\t\t\t\t<div class=\"elementor-element elementor-element-2dd6ebf medizco_testimonials bg_white mx-auto mw-100 elementor-widget__width-initial elementor-invisible elementor-widget elementor-widget-elementskit-testimonial\" data-id=\"2dd6ebf\" data-element_type=\"widget\" data-settings=\"{&quot;_animation&quot;:&quot;fadeInUp&quot;,&quot;_animation_delay&quot;:300}\" data-widget_type=\"elementskit-testimonial.default\">\n\t\t\t\t<div class=\"elementor-widget-container\">\n\t\t\t<div class=\"ekit-wid-con\" ><div class=\"elementskit-testimonial-slider arrow_inside elementskit-default-testimonial\" data-config=\"{&quot;rtl&quot;:false,&quot;arrows&quot;:true,&quot;dots&quot;:false,&quot;pauseOnHover&quot;:false,&quot;autoplay&quot;:false,&quot;speed&quot;:1000,&quot;slidesPerGroup&quot;:1,&quot;slidesPerView&quot;:1,&quot;loop&quot;:false,&quot;spaceBetween&quot;:0,&quot;breakpoints&quot;:{&quot;320&quot;:{&quot;slidesPerView&quot;:1,&quot;slidesPerGroup&quot;:1,&quot;spaceBetween&quot;:10},&quot;768&quot;:{&quot;slidesPerView&quot;:2,&quot;slidesPerGroup&quot;:1,&quot;spaceBetween&quot;:10},&quot;1024&quot;:{&quot;slidesPerView&quot;:1,&quot;slidesPerGroup&quot;:1,&quot;spaceBetween&quot;:15}}}\">\n\t<div class=\"ekit-main-swiper swiper-container\">\n\t\t<div class=\"swiper-wrapper\">\n\t\t\t\t\t\t\t<div class=\"swiper-slide\">\n\t\t\t\t\t<div class=\"swiper-slide-inner\">\n\t\t\t\t\t\t<div class=\"elemntskit-testimonial-item\" >\n\t\t\t\t\t\t\t<div class=\"elementskit-single-testimonial-slider\">\n\t\t\t\t\t\t\t\t<div class=\"row\">\n\t\t\t\t\t\t\t\t\t<div class=\"col-lg-6 elementkit-testimonial-col\">\n\t\t\t\t\t\t\t\t\t\t<div class=\"elementskit-commentor-content\">\n\t\t\t\t\t\t\t\t\t\t\t\t\t\t\t\t\t\t\t\t\t\t\t<div class=\"elementskit-client_logo\">\n\t\t\t\t\t\t\t\t\t\t\t\t\t<img decoding=\"async\" width=\"38\" height=\"38\" src=\"https:\/\/dentapalmiye.com\/wp-content\/uploads\/2019\/08\/quote-icon.png\" class=\"attachment-full size-full\" alt=\"\" \/>\t\t\t\t\t\t\t\t\t\t\t\t<\/div>\n\t\t\t\t\t\t\t\t\t\t\t\t\t\t\t\t\t\t\t\t\t\t\t\t\t\t\t\t\t\t\t\t\t\t<p>\u201eIch habe Dentapalm w\u00e4hrend meines Urlaubs in Alanya besucht und war durch und durch beeindruckt. Das Personal war unglaublich freundlich und der Service \u00fcbertraf meine Erwartungen. Ich kann den Zahnaufhellungsservice w\u00e4rmstens empfehlen \u2013 er hat mir f\u00fcr alle meine Urlaubsfotos ein strahlendes L\u00e4cheln beschert!\u201c<\/p>\n\t\t\t\t\t\t\t\t\t\t\t\t\t\t\t\t\t\t\t\t\t\t\t\t\t\t\t\t\t\t\t\t\t\t<span class=\"elementskit-border-hr\"><\/span>\n\t\t\t\t\t\t\t\t\t\t\t\t\t\t\t\t\t\t\t\t\t\t<span class=\"elementskit-profile-info\">\n\t\t\t\t\t\t\t\t\t\t\t\t<strong class=\"elementskit-author-name\">James Carter<\/strong>\n\t\t\t\t\t\t\t\t\t\t\t\t<span class=\"elementskit-author-des\"><\/span>\n\t\t\t\t\t\t\t\t\t\t\t<\/span>\n\t\t\t\t\t\t\t\t\t\t<\/div>\n\t\t\t\t\t\t\t\t\t<\/div>\n\t\t\t\t\t\t\t\t\t<div class=\"col-lg-6 elementkit-testimonial-col\">\n\t\t\t\t\t\t\t\t\t\t<div class=\"elementskit-profile-image-card\">\n\t\t\t\t\t\t\t\t\t\t\t<img loading=\"lazy\" decoding=\"async\" width=\"434\" height=\"381\" src=\"https:\/\/dentapalmiye.com\/wp-content\/uploads\/2019\/08\/testimonial-01.png\" class=\"attachment-full size-full\" alt=\"\" srcset=\"https:\/\/dentapalmiye.com\/wp-content\/uploads\/2019\/08\/testimonial-01.png 434w, https:\/\/dentapalmiye.com\/wp-content\/uploads\/2019\/08\/testimonial-01-300x263.png 300w\" sizes=\"(max-width: 434px) 100vw, 434px\" \/>\t\t\t\t\t\t\t\t\t\t\t\t\t\t\t\t\t\t\t\t\t<\/div>\n\t\t\t\t\t\t\t\t\t<\/div>\n\t\t\t\t\t\t\t\t<\/div>\n\t\t\t\t\t\t\t<\/div>\n\t\t\t\t\t\t<\/div>\n\t\t\t\t\t<\/div>\n\t\t\t\t<\/div>\n\t\t\t\t\t\t\t<div class=\"swiper-slide\">\n\t\t\t\t\t<div class=\"swiper-slide-inner\">\n\t\t\t\t\t\t<div class=\"elemntskit-testimonial-item\" >\n\t\t\t\t\t\t\t<div class=\"elementskit-single-testimonial-slider\">\n\t\t\t\t\t\t\t\t<div class=\"row\">\n\t\t\t\t\t\t\t\t\t<div class=\"col-lg-6 elementkit-testimonial-col\">\n\t\t\t\t\t\t\t\t\t\t<div class=\"elementskit-commentor-content\">\n\t\t\t\t\t\t\t\t\t\t\t\t\t\t\t\t\t\t\t\t\t\t\t<div class=\"elementskit-client_logo\">\n\t\t\t\t\t\t\t\t\t\t\t\t\t<img decoding=\"async\" width=\"38\" height=\"38\" src=\"https:\/\/dentapalmiye.com\/wp-content\/uploads\/2019\/08\/quote-icon.png\" class=\"attachment-full size-full\" alt=\"\" \/>\t\t\t\t\t\t\t\t\t\t\t\t<\/div>\n\t\t\t\t\t\t\t\t\t\t\t\t\t\t\t\t\t\t\t\t\t\t\t\t\t\t\t\t\t\t\t\t\t\t<p>\u201eDentapalm hat eine bemerkenswert einladende Atmosph\u00e4re und ein sehr professionelles Team. Durch die ausf\u00fchrliche Erkl\u00e4rung vor meinem Eingriff f\u00fchlte ich mich sicher und gut informiert. Es ist klar, dass die Pflege und das Wohlbefinden der Patienten f\u00fcr sie an erster Stelle stehen.\u201c<\/p>\n\t\t\t\t\t\t\t\t\t\t\t\t\t\t\t\t\t\t\t\t\t\t\t\t\t\t\t\t\t\t\t\t\t\t<span class=\"elementskit-border-hr\"><\/span>\n\t\t\t\t\t\t\t\t\t\t\t\t\t\t\t\t\t\t\t\t\t\t<span class=\"elementskit-profile-info\">\n\t\t\t\t\t\t\t\t\t\t\t\t<strong class=\"elementskit-author-name\">Sophia M\u00fcller<\/strong>\n\t\t\t\t\t\t\t\t\t\t\t\t<span class=\"elementskit-author-des\"><\/span>\n\t\t\t\t\t\t\t\t\t\t\t<\/span>\n\t\t\t\t\t\t\t\t\t\t<\/div>\n\t\t\t\t\t\t\t\t\t<\/div>\n\t\t\t\t\t\t\t\t\t<div class=\"col-lg-6 elementkit-testimonial-col\">\n\t\t\t\t\t\t\t\t\t\t<div class=\"elementskit-profile-image-card\">\n\t\t\t\t\t\t\t\t\t\t\t<img loading=\"lazy\" decoding=\"async\" width=\"364\" height=\"389\" src=\"https:\/\/dentapalmiye.com\/wp-content\/uploads\/2019\/08\/testimonial-02.png\" class=\"attachment-full size-full\" alt=\"\" srcset=\"https:\/\/dentapalmiye.com\/wp-content\/uploads\/2019\/08\/testimonial-02.png 364w, https:\/\/dentapalmiye.com\/wp-content\/uploads\/2019\/08\/testimonial-02-281x300.png 281w\" sizes=\"(max-width: 364px) 100vw, 364px\" \/>\t\t\t\t\t\t\t\t\t\t\t\t\t\t\t\t\t\t\t\t\t<\/div>\n\t\t\t\t\t\t\t\t\t<\/div>\n\t\t\t\t\t\t\t\t<\/div>\n\t\t\t\t\t\t\t<\/div>\n\t\t\t\t\t\t<\/div>\n\t\t\t\t\t<\/div>\n\t\t\t\t<\/div>\n\t\t\t\t\t\t\t<div class=\"swiper-slide\">\n\t\t\t\t\t<div class=\"swiper-slide-inner\">\n\t\t\t\t\t\t<div class=\"elemntskit-testimonial-item\" >\n\t\t\t\t\t\t\t<div class=\"elementskit-single-testimonial-slider\">\n\t\t\t\t\t\t\t\t<div class=\"row\">\n\t\t\t\t\t\t\t\t\t<div class=\"col-lg-6 elementkit-testimonial-col\">\n\t\t\t\t\t\t\t\t\t\t<div class=\"elementskit-commentor-content\">\n\t\t\t\t\t\t\t\t\t\t\t\t\t\t\t\t\t\t\t\t\t\t\t<div class=\"elementskit-client_logo\">\n\t\t\t\t\t\t\t\t\t\t\t\t\t<img decoding=\"async\" width=\"38\" height=\"38\" src=\"https:\/\/dentapalmiye.com\/wp-content\/uploads\/2019\/08\/quote-icon.png\" class=\"attachment-full size-full\" alt=\"\" \/>\t\t\t\t\t\t\t\t\t\t\t\t<\/div>\n\t\t\t\t\t\t\t\t\t\t\t\t\t\t\t\t\t\t\t\t\t\t\t\t\t\t\t\t\t\t\t\t\t\t<p>\u201eIch hatte immer Angst vor Zahnarztbesuchen, aber das Team von Dentapalm hat das f\u00fcr mich ge\u00e4ndert. Ihr sanfter Ansatz und die hochmoderne Ausr\u00fcstung machten meinen Zahnarztbesuch schmerzfrei. Ich bin jetzt ein regelm\u00e4\u00dfiger Patient und k\u00f6nnte mit ihrem Service nicht zufriedener sein.\u201c<\/p>\n\t\t\t\t\t\t\t\t\t\t\t\t\t\t\t\t\t\t\t\t\t\t\t\t\t\t\t\t\t\t\t\t\t\t<span class=\"elementskit-border-hr\"><\/span>\n\t\t\t\t\t\t\t\t\t\t\t\t\t\t\t\t\t\t\t\t\t\t<span class=\"elementskit-profile-info\">\n\t\t\t\t\t\t\t\t\t\t\t\t<strong class=\"elementskit-author-name\">Liam Chen<\/strong>\n\t\t\t\t\t\t\t\t\t\t\t\t<span class=\"elementskit-author-des\"><\/span>\n\t\t\t\t\t\t\t\t\t\t\t<\/span>\n\t\t\t\t\t\t\t\t\t\t<\/div>\n\t\t\t\t\t\t\t\t\t<\/div>\n\t\t\t\t\t\t\t\t\t<div class=\"col-lg-6 elementkit-testimonial-col\">\n\t\t\t\t\t\t\t\t\t\t<div class=\"elementskit-profile-image-card\">\n\t\t\t\t\t\t\t\t\t\t\t<img loading=\"lazy\" decoding=\"async\" width=\"476\" height=\"313\" src=\"https:\/\/dentapalmiye.com\/wp-content\/uploads\/2019\/08\/testimonial-03.png\" class=\"attachment-full size-full\" alt=\"\" srcset=\"https:\/\/dentapalmiye.com\/wp-content\/uploads\/2019\/08\/testimonial-03.png 476w, https:\/\/dentapalmiye.com\/wp-content\/uploads\/2019\/08\/testimonial-03-300x197.png 300w\" sizes=\"(max-width: 476px) 100vw, 476px\" \/>\t\t\t\t\t\t\t\t\t\t\t\t\t\t\t\t\t\t\t\t\t<\/div>\n\t\t\t\t\t\t\t\t\t<\/div>\n\t\t\t\t\t\t\t\t<\/div>\n\t\t\t\t\t\t\t<\/div>\n\t\t\t\t\t\t<\/div>\n\t\t\t\t\t<\/div>\n\t\t\t\t<\/div>\n\t\t\t\t\t<\/div>\n\n\t\t\n\t\t\t\t\t<div class=\"swiper-navigation-button swiper-button-prev\"><i class=\"fasicon icon-arrow-left\"><\/i><\/div>\n\t\t\t<div class=\"swiper-navigation-button swiper-button-next\"><i class=\"fasicon icon-arrow-right\"><\/i><\/div>\n\t\t\t<\/div>\n<\/div>\n<\/div>\t\t<\/div>\n\t\t\t\t<\/div>\n\t\t\t\t\t<\/div>\n\t\t<\/div>\n\t\t\t\t\t\t\t<\/div>\n\t\t<\/section>\n\t\t\t\t\t\t\t<\/div>","protected":false},"excerpt":{"rendered":"<p>Alle Abteilungen Dental Instagram Test Test Dental Instagram Test Test Dental Instagram Test Test Dental Instagram Test Test Dental Instagram Test Test Dental Service-Empf\u00e4nger sagt: \u201eIch habe Dentapalm w\u00e4hrend meines Urlaubs in Alanya besucht und war sehr beeindruckt. Das Personal war unglaublich freundlich und der Service \u00fcbertraf meine Erwartungen. Ich kann ihre Zahnaufhellung w\u00e4rmstens empfehlen [\u2026]<\/p>","protected":false},"author":1,"featured_media":0,"parent":0,"menu_order":0,"comment_status":"closed","ping_status":"closed","template":"template\/template-page.php","meta":{"footnotes":""},"yoast_head":"<!-- This site is optimized with the Yoast SEO plugin v22.6 - https:\/\/yoast.com\/wordpress\/plugins\/seo\/ -->\n<title>Doctors - Dentapalmiye<\/title>\n<meta name=\"robots\" content=\"index, follow, max-snippet:-1, max-image-preview:large, max-video-preview:-1\" \/>\n<link rel=\"canonical\" href=\"https:\/\/dentapalmiye.com\/de\/doctors\/\" \/>\n<meta property=\"og:locale\" content=\"de_DE\" \/>\n<meta property=\"og:type\" content=\"article\" \/>\n<meta property=\"og:title\" content=\"Doctors - Dentapalmiye\" \/>\n<meta property=\"og:description\" content=\"All Departments Dental \u0130nstagram Test Test Dental \u0130nstagram Test Test Dental \u0130nstagram Test Test Dental \u0130nstagram Test Test Dental &nbsp; Service Recipient Says &#8220;I visited Dentapalm during my vacation in Alanya, and I was thoroughly impressed. The staff were incredibly friendly, and the service was beyond what I expected. I highly recommend their teeth whitening [&hellip;]\" \/>\n<meta property=\"og:url\" content=\"https:\/\/dentapalmiye.com\/de\/doctors\/\" \/>\n<meta property=\"og:site_name\" content=\"Dentapalmiye\" \/>\n<meta property=\"article:modified_time\" content=\"2025-02-24T18:22:03+00:00\" \/>\n<meta property=\"og:image\" content=\"https:\/\/dentapalmiye.com\/wp-content\/uploads\/2019\/08\/team-2.jpg\" \/>\n<meta name=\"twitter:card\" content=\"summary_large_image\" \/>\n<meta name=\"twitter:label1\" content=\"Gesch\u00e4tzte Lesezeit\" \/>\n\t<meta name=\"twitter:data1\" content=\"3\u00a0Minuten\" \/>\n<script type=\"application\/ld+json\" class=\"yoast-schema-graph\">{\"@context\":\"https:\/\/schema.org\",\"@graph\":[{\"@type\":\"WebPage\",\"@id\":\"https:\/\/dentapalmiye.com\/doctors\/\",\"url\":\"https:\/\/dentapalmiye.com\/doctors\/\",\"name\":\"Doctors - Dentapalmiye\",\"isPartOf\":{\"@id\":\"https:\/\/dentapalmiye.com\/#website\"},\"primaryImageOfPage\":{\"@id\":\"https:\/\/dentapalmiye.com\/doctors\/#primaryimage\"},\"image\":{\"@id\":\"https:\/\/dentapalmiye.com\/doctors\/#primaryimage\"},\"thumbnailUrl\":\"https:\/\/dentapalmiye.com\/wp-content\/uploads\/2019\/08\/team-2.jpg\",\"datePublished\":\"2019-09-13T10:08:26+00:00\",\"dateModified\":\"2025-02-24T18:22:03+00:00\",\"breadcrumb\":{\"@id\":\"https:\/\/dentapalmiye.com\/doctors\/#breadcrumb\"},\"inLanguage\":\"de\",\"potentialAction\":[{\"@type\":\"ReadAction\",\"target\":[\"https:\/\/dentapalmiye.com\/doctors\/\"]}]},{\"@type\":\"ImageObject\",\"inLanguage\":\"de\",\"@id\":\"https:\/\/dentapalmiye.com\/doctors\/#primaryimage\",\"url\":\"https:\/\/dentapalmiye.com\/wp-content\/uploads\/2019\/08\/team-2.jpg\",\"contentUrl\":\"https:\/\/dentapalmiye.com\/wp-content\/uploads\/2019\/08\/team-2.jpg\"},{\"@type\":\"BreadcrumbList\",\"@id\":\"https:\/\/dentapalmiye.com\/doctors\/#breadcrumb\",\"itemListElement\":[{\"@type\":\"ListItem\",\"position\":1,\"name\":\"Home\",\"item\":\"https:\/\/dentapalmiye.com\/\"},{\"@type\":\"ListItem\",\"position\":2,\"name\":\"Doctors\"}]},{\"@type\":\"WebSite\",\"@id\":\"https:\/\/dentapalmiye.com\/#website\",\"url\":\"https:\/\/dentapalmiye.com\/\",\"name\":\"Dentapalmiye\",\"description\":\"Alanya Dentist\",\"potentialAction\":[{\"@type\":\"SearchAction\",\"target\":{\"@type\":\"EntryPoint\",\"urlTemplate\":\"https:\/\/dentapalmiye.com\/?s={search_term_string}\"},\"query-input\":\"required name=search_term_string\"}],\"inLanguage\":\"de\"}]}<\/script>\n<!-- \/ Yoast SEO plugin. -->","yoast_head_json":{"title":"Doctors - Dentapalmiye","robots":{"index":"index","follow":"follow","max-snippet":"max-snippet:-1","max-image-preview":"max-image-preview:large","max-video-preview":"max-video-preview:-1"},"canonical":"https:\/\/dentapalmiye.com\/de\/doctors\/","og_locale":"de_DE","og_type":"article","og_title":"Doctors - Dentapalmiye","og_description":"All Departments Dental \u0130nstagram Test Test Dental \u0130nstagram Test Test Dental \u0130nstagram Test Test Dental \u0130nstagram Test Test Dental &nbsp; Service Recipient Says &#8220;I visited Dentapalm during my vacation in Alanya, and I was thoroughly impressed. The staff were incredibly friendly, and the service was beyond what I expected. I highly recommend their teeth whitening [&hellip;]","og_url":"https:\/\/dentapalmiye.com\/de\/doctors\/","og_site_name":"Dentapalmiye","article_modified_time":"2025-02-24T18:22:03+00:00","og_image":[{"url":"https:\/\/dentapalmiye.com\/wp-content\/uploads\/2019\/08\/team-2.jpg"}],"twitter_card":"summary_large_image","twitter_misc":{"Gesch\u00e4tzte Lesezeit":"3\u00a0Minuten"},"schema":{"@context":"https:\/\/schema.org","@graph":[{"@type":"WebPage","@id":"https:\/\/dentapalmiye.com\/doctors\/","url":"https:\/\/dentapalmiye.com\/doctors\/","name":"Doctors - Dentapalmiye","isPartOf":{"@id":"https:\/\/dentapalmiye.com\/#website"},"primaryImageOfPage":{"@id":"https:\/\/dentapalmiye.com\/doctors\/#primaryimage"},"image":{"@id":"https:\/\/dentapalmiye.com\/doctors\/#primaryimage"},"thumbnailUrl":"https:\/\/dentapalmiye.com\/wp-content\/uploads\/2019\/08\/team-2.jpg","datePublished":"2019-09-13T10:08:26+00:00","dateModified":"2025-02-24T18:22:03+00:00","breadcrumb":{"@id":"https:\/\/dentapalmiye.com\/doctors\/#breadcrumb"},"inLanguage":"de","potentialAction":[{"@type":"ReadAction","target":["https:\/\/dentapalmiye.com\/doctors\/"]}]},{"@type":"ImageObject","inLanguage":"de","@id":"https:\/\/dentapalmiye.com\/doctors\/#primaryimage","url":"https:\/\/dentapalmiye.com\/wp-content\/uploads\/2019\/08\/team-2.jpg","contentUrl":"https:\/\/dentapalmiye.com\/wp-content\/uploads\/2019\/08\/team-2.jpg"},{"@type":"BreadcrumbList","@id":"https:\/\/dentapalmiye.com\/doctors\/#breadcrumb","itemListElement":[{"@type":"ListItem","position":1,"name":"Home","item":"https:\/\/dentapalmiye.com\/"},{"@type":"ListItem","position":2,"name":"Doctors"}]},{"@type":"WebSite","@id":"https:\/\/dentapalmiye.com\/#website","url":"https:\/\/dentapalmiye.com\/","name":"Dentapalmiye","description":"Alanya Dentist","potentialAction":[{"@type":"SearchAction","target":{"@type":"EntryPoint","urlTemplate":"https:\/\/dentapalmiye.com\/?s={search_term_string}"},"query-input":"required name=search_term_string"}],"inLanguage":"de"}]}},"_links":{"self":[{"href":"https:\/\/dentapalmiye.com\/de\/wp-json\/wp\/v2\/pages\/2306"}],"collection":[{"href":"https:\/\/dentapalmiye.com\/de\/wp-json\/wp\/v2\/pages"}],"about":[{"href":"https:\/\/dentapalmiye.com\/de\/wp-json\/wp\/v2\/types\/page"}],"author":[{"embeddable":true,"href":"https:\/\/dentapalmiye.com\/de\/wp-json\/wp\/v2\/users\/1"}],"replies":[{"embeddable":true,"href":"https:\/\/dentapalmiye.com\/de\/wp-json\/wp\/v2\/comments?post=2306"}],"version-history":[{"count":7,"href":"https:\/\/dentapalmiye.com\/de\/wp-json\/wp\/v2\/pages\/2306\/revisions"}],"predecessor-version":[{"id":5588,"href":"https:\/\/dentapalmiye.com\/de\/wp-json\/wp\/v2\/pages\/2306\/revisions\/5588"}],"wp:attachment":[{"href":"https:\/\/dentapalmiye.com\/de\/wp-json\/wp\/v2\/media?parent=2306"}],"curies":[{"name":"wp","href":"https:\/\/api.w.org\/{rel}","templated":true}]}}